{"id":15,"date":"2025-08-11T04:34:46","date_gmt":"2025-08-11T04:34:46","guid":{"rendered":"https:\/\/limegreen-emu-856376.hostingersite.com\/?page_id=15"},"modified":"2025-09-09T09:29:47","modified_gmt":"2025-09-09T08:29:47","slug":"spolahlivy-partner-pre-priemyselnu-vyrobu","status":"publish","type":"page","link":"https:\/\/tzb.bigway.dev\/en\/","title":{"rendered":"Spo\u013eahliv\u00fd partner pre pokro\u010dil\u00fa v\u00fdrobu z plechu"},"content":{"rendered":"<p>Komplexn\u00e9 v\u00fdrobky z tabu\u013eov\u00e9ho plechu vr\u00e1tane laserov\u00e9ho p\u00e1lenia, oh\u00fdbania, zv\u00e1rania, lakovania a fin\u00e1lnej mont\u00e1\u017ee spolu s elektronikou a elektronick\u00fdmi komponentmi.  Vlastn\u00e1 v\u00fdroba vzduchotechnick\u00e9ho potrubia, tlmi\u010dov a elementov vo vysokom kvalitat\u00edvnom \u0161tandarde.<\/p>","protected":false},"excerpt":{"rendered":"<p>Komplexn\u00e9 v\u00fdrobky z tabu\u013eov\u00e9ho plechu vr\u00e1tane laserov\u00e9ho p\u00e1lenia, oh\u00fdbania, zv\u00e1rania, lakovania a fin\u00e1lnej mont\u00e1\u017ee spolu s elektronikou a elektronick\u00fdmi komponentmi. Vlastn\u00e1 v\u00fdroba vzduchotechnick\u00e9ho potrubia, tlmi\u010dov a elementov vo vysokom kvalitat\u00edvnom \u0161tandarde.<\/p>","protected":false},"author":1,"featured_media":0,"parent":0,"menu_order":0,"comment_status":"closed","ping_status":"closed","template":"","meta":{"_acf_changed":false,"footnotes":""},"class_list":["post-15","page","type-page","status-publish","hentry"],"acf":[],"_links":{"self":[{"href":"https:\/\/tzb.bigway.dev\/en\/wp-json\/wp\/v2\/pages\/15","targetHints":{"allow":["GET"]}}],"collection":[{"href":"https:\/\/tzb.bigway.dev\/en\/wp-json\/wp\/v2\/pages"}],"about":[{"href":"https:\/\/tzb.bigway.dev\/en\/wp-json\/wp\/v2\/types\/page"}],"author":[{"embeddable":true,"href":"https:\/\/tzb.bigway.dev\/en\/wp-json\/wp\/v2\/users\/1"}],"replies":[{"embeddable":true,"href":"https:\/\/tzb.bigway.dev\/en\/wp-json\/wp\/v2\/comments?post=15"}],"version-history":[{"count":3,"href":"https:\/\/tzb.bigway.dev\/en\/wp-json\/wp\/v2\/pages\/15\/revisions"}],"predecessor-version":[{"id":238,"href":"https:\/\/tzb.bigway.dev\/en\/wp-json\/wp\/v2\/pages\/15\/revisions\/238"}],"wp:attachment":[{"href":"https:\/\/tzb.bigway.dev\/en\/wp-json\/wp\/v2\/media?parent=15"}],"curies":[{"name":"wp","href":"https:\/\/api.w.org\/{rel}","templated":true}]}}